{"id":67,"date":"2023-09-21T12:28:21","date_gmt":"2023-09-21T12:28:21","guid":{"rendered":"https:\/\/pinkskies.synology.me\/vakantiehuisroquecor\/?page_id=67"},"modified":"2023-09-21T12:28:38","modified_gmt":"2023-09-21T12:28:38","slug":"ontdekken","status":"publish","type":"page","link":"https:\/\/pinkskies.synology.me\/vakantiehuisroquecor\/index.php\/de-omgeving\/ontdekken\/","title":{"rendered":"Ontdekken"},"content":{"rendered":"\n<p>Verschillende <strong>middeleeuwse bastide-stadjes<\/strong> liggen in de omgeving van Roquecor en zijn absoluut een bezoekje waard.<\/p>\n\n\n\n<p><strong>Tournon d\u2019Agenais<\/strong> kreeg het label \u2018Un des plus beaux villages de France\u2019.<br>Maak er de gemakkelijke wandeling op de \u2018remparts\u2019, en sluit af met een drankje, pannenkoek of ander lekkers op het dorpsplein.<\/p>\n\n\n\n<p><strong>Penne d\u2019Agenais<\/strong> is een charmant dorpje en bedevaartsoord, met smalle steile straatjes, mooi bebloemde huizen en de Basiliek Notre Dame de Peyragude met een schitterende zilveren koepel. De esplanade voor de basiliek biedt een prachtig uitzicht over de vallei van de Lot.<\/p>\n\n\n\n<p><strong>Lauzerte<\/strong>, ook \u00e9\u00e9n van die mooiste dorpen van Frankrijk, is een halte op de weg naar Compostella. Ieder jaar opnieuw vinden verschillende kunstenaars er een plek in tijdelijke tentoonstellingenen galerijtjes.<\/p>\n\n\n\n<p>In<strong> Villeneuve-sur-Lot <\/strong>staat de opvallende \u00e9glise Saint-Cath\u00e9rine, geheel in baksteen gebouwd. Bezoek er ook het Mus\u00e9e de Gajac met schilderwerken uit de 18e-19e-20ste eeuw en ruimte voor tijdelijke tentoonstellingen.<\/p>\n\n\n\n<p>En voor de echte liefhebbers zijn er nog meer dan 30 andere Bastides in Lot-et-Garonne met elk hun typische charme : &nbsp;<strong>Monflanquin, Monpazier, Pujols, \u2026<\/strong><\/p>\n\n\n\n<p><strong>Agen, <\/strong>aan de oevers van de Garonne,is een iets groter stadje met middeleeuwse straatjes, brede boulevards, mooie winkeltjes en lekkere restaurants. Je vindt er ook het Mus\u00e9e des Beaux-Arts, met een grote afdeling archeologische vondsten.<\/p>\n\n\n\n<p><strong>Moissac <\/strong>behoort met zijn klooster en abdij tot het Unesco Werelderfgoed.<br>Wandel er langs de oever van de Tarn tot aan de \u2018Pont-Canal\u2019 en terug naar het centrum langs het \u2018Canal des deux mers\u2019.<\/p>\n\n\n\n<p><strong>Cahors <\/strong>met de Pont Valentr\u00e9, <strong>Montauban<\/strong> en het Mus\u00e9e Ingres zijn belangrijke toeristische trekpleisters.<\/p>\n\n\n\n<p><strong>Toulouse, <\/strong>\u2018la ville rose\u2019, een studentenstad en de 5<sup>de<\/sup> stad van Frankrijk, heeft een prachtig patrimonium, talrijke charmante straten en pleinen, terrassen en restaurants, musea, \u2026 En iets buiten de stad Aeroscopiaen Airbus.<\/p>\n\n\n\n<p>Wie graag een autotochtje maakt, kan vanuit Roquecor een rondrit maken.<br>\u2018Pays des Serres\u2019 staat beschreven in de Guide Michelin Dordogne-Perigord.<\/p>\n\n\n\n<p>Deze groene gids, andere toeristische gidsen, wegenkaarten, folders, \u2026 liggen ter beschikking in het huis.<\/p>\n","protected":false},"excerpt":{"rendered":"<p>Verschillende middeleeuwse bastide-stadjes liggen in de omgeving van Roquecor en zijn absoluut een bezoekje waard. Tournon d\u2019Agenais kreeg het label \u2018Un des plus beaux villages de France\u2019.Maak er de gemakkelijke wandeling op de \u2018remparts\u2019, en sluit af met een drankje, pannenkoek of ander lekkers op het dorpsplein. Penne d\u2019Agenais is [&hellip;]<\/p>\n","protected":false},"author":1,"featured_media":0,"parent":65,"menu_order":0,"comment_status":"closed","ping_status":"closed","template":"","meta":{"ngg_post_thumbnail":0,"footnotes":""},"_links":{"self":[{"href":"https:\/\/pinkskies.synology.me\/vakantiehuisroquecor\/index.php\/wp-json\/wp\/v2\/pages\/67"}],"collection":[{"href":"https:\/\/pinkskies.synology.me\/vakantiehuisroquecor\/index.php\/wp-json\/wp\/v2\/pages"}],"about":[{"href":"https:\/\/pinkskies.synology.me\/vakantiehuisroquecor\/index.php\/wp-json\/wp\/v2\/types\/page"}],"author":[{"embeddable":true,"href":"https:\/\/pinkskies.synology.me\/vakantiehuisroquecor\/index.php\/wp-json\/wp\/v2\/users\/1"}],"replies":[{"embeddable":true,"href":"https:\/\/pinkskies.synology.me\/vakantiehuisroquecor\/index.php\/wp-json\/wp\/v2\/comments?post=67"}],"version-history":[{"count":1,"href":"https:\/\/pinkskies.synology.me\/vakantiehuisroquecor\/index.php\/wp-json\/wp\/v2\/pages\/67\/revisions"}],"predecessor-version":[{"id":68,"href":"https:\/\/pinkskies.synology.me\/vakantiehuisroquecor\/index.php\/wp-json\/wp\/v2\/pages\/67\/revisions\/68"}],"up":[{"embeddable":true,"href":"https:\/\/pinkskies.synology.me\/vakantiehuisroquecor\/index.php\/wp-json\/wp\/v2\/pages\/65"}],"wp:attachment":[{"href":"https:\/\/pinkskies.synology.me\/vakantiehuisroquecor\/index.php\/wp-json\/wp\/v2\/media?parent=67"}],"curies":[{"name":"wp","href":"https:\/\/api.w.org\/{rel}","templated":true}]}}