{"id":71,"date":"2023-09-21T12:29:26","date_gmt":"2023-09-21T12:29:26","guid":{"rendered":"https:\/\/pinkskies.synology.me\/vakantiehuisroquecor\/?page_id=71"},"modified":"2023-09-21T12:29:26","modified_gmt":"2023-09-21T12:29:26","slug":"genieten","status":"publish","type":"page","link":"https:\/\/pinkskies.synology.me\/vakantiehuisroquecor\/index.php\/de-omgeving\/genieten\/","title":{"rendered":"Genieten"},"content":{"rendered":"\n<p>Roquecor ligt ook in een \u2018lekkere\u2019 streek.<\/p>\n\n\n\n<p>Meloenen uit de Quercy, truffels uit de P\u00e9rigord, pruimen uit Agen, chasselas druiven uit Moissac, gariguette aardbeien, eend in al zijn vormen, ja ook foie gras, \u2026 dit alles kan je kopen op de <strong>plaatselijke markten<\/strong>.<br>Onze favorieten :<br>zondag Roquecor \u2013 dinsdag Valence d\u2019Agen \u2013 woensdag St.Sylvestre-sur-Lot \u2013 donderdag Monsempron-Libos \u2013 vrijdag Prayssac \u2013 zaterdag Montaigu.<\/p>\n\n\n\n<p>In de zomermaanden zijn er ook <strong>\u2018March\u00e9s Gourmands\u2019<\/strong>, avondmarkten waar je aan de verschillende kraampjes een volwaardig avondmaal bij elkaar kan sprokkelen. Picknick tafels zijn voorzien, maar als je niet graag uit een kartonnen bordje eet neem je best zelf servies en bestek mee.<\/p>\n\n\n\n<p>Volgens hetzelfde principe kan je in juli en augustus, op vrijdagmiddag, in Frespech, <strong>aan het Mus\u00e9e du Foie gras<\/strong>, op de \u2018March\u00e9 des Producteurs\u2019 gezellig <strong>picknicken<\/strong> tussen de fruitbomen, met muziek en (betalende) animatie voor kinderen.<\/p>\n\n\n\n<p>Echte <strong>restaurants<\/strong> vind je in de buurt natuurlijk ook, best vooraf reserveren.<br>in Roquecor : T\u00eate d\u2019Ail en Caf\u00e9 du Centre<br>in Montaigu : oa l\u2019 Artichaut<br>in en nabij Tournon : oa Les Voyageurs, l\u2019 Auberge du Br\u00e9lan in Anth\u00e9<br>in Penne : oa le Bomb\u00e9cul<br>in Lauzerte : oa le Quercy<br>in Agen : oa la Part des Anges<br>En zeker ook : le Petit Moissac, in Moissaguel,<br>la Poule d\u2019or in Puymirol of waarom niet, zijn grote broer L\u2019Aubergade**&nbsp;<br>\u2026<\/p>\n\n\n\n<p><strong>Wijnproeven<\/strong> kan ook een leuke bezigheid zijn.<br><br>De streek heeft ontelbare wijndomeinen met robuste Cahorswijn of de iets lichtere C\u00f4tes du Lot.<\/p>\n\n\n\n<p>Bij Vin du Tsar in Th\u00e9zac kan je behalve wijnproeven, ook streekproducten kopen in hun winkel.<\/p>\n\n\n\n<p>Clos Triguedina, Ch\u00e2teau du C\u00e9dre, Ch\u00e2teau Haut-plaisir en Les Oliviers behoren tot onze persoonlijke favorieten.<br>Een heleboel adressen zijn te vinden in het boekje \u2018Cahors, capitale du Malbec\u2019 dat in ons mandje met toeristisch info ligt.<\/p>\n","protected":false},"excerpt":{"rendered":"<p>Roquecor ligt ook in een \u2018lekkere\u2019 streek. Meloenen uit de Quercy, truffels uit de P\u00e9rigord, pruimen uit Agen, chasselas druiven uit Moissac, gariguette aardbeien, eend in al zijn vormen, ja ook foie gras, \u2026 dit alles kan je kopen op de plaatselijke markten.Onze favorieten :zondag Roquecor \u2013 dinsdag Valence d\u2019Agen [&hellip;]<\/p>\n","protected":false},"author":1,"featured_media":0,"parent":65,"menu_order":0,"comment_status":"closed","ping_status":"closed","template":"","meta":{"ngg_post_thumbnail":0,"footnotes":""},"_links":{"self":[{"href":"https:\/\/pinkskies.synology.me\/vakantiehuisroquecor\/index.php\/wp-json\/wp\/v2\/pages\/71"}],"collection":[{"href":"https:\/\/pinkskies.synology.me\/vakantiehuisroquecor\/index.php\/wp-json\/wp\/v2\/pages"}],"about":[{"href":"https:\/\/pinkskies.synology.me\/vakantiehuisroquecor\/index.php\/wp-json\/wp\/v2\/types\/page"}],"author":[{"embeddable":true,"href":"https:\/\/pinkskies.synology.me\/vakantiehuisroquecor\/index.php\/wp-json\/wp\/v2\/users\/1"}],"replies":[{"embeddable":true,"href":"https:\/\/pinkskies.synology.me\/vakantiehuisroquecor\/index.php\/wp-json\/wp\/v2\/comments?post=71"}],"version-history":[{"count":1,"href":"https:\/\/pinkskies.synology.me\/vakantiehuisroquecor\/index.php\/wp-json\/wp\/v2\/pages\/71\/revisions"}],"predecessor-version":[{"id":72,"href":"https:\/\/pinkskies.synology.me\/vakantiehuisroquecor\/index.php\/wp-json\/wp\/v2\/pages\/71\/revisions\/72"}],"up":[{"embeddable":true,"href":"https:\/\/pinkskies.synology.me\/vakantiehuisroquecor\/index.php\/wp-json\/wp\/v2\/pages\/65"}],"wp:attachment":[{"href":"https:\/\/pinkskies.synology.me\/vakantiehuisroquecor\/index.php\/wp-json\/wp\/v2\/media?parent=71"}],"curies":[{"name":"wp","href":"https:\/\/api.w.org\/{rel}","templated":true}]}}